



{"id":479,"date":"2025-05-06T17:18:47","date_gmt":"2025-05-06T17:18:47","guid":{"rendered":"https:\/\/www.cnbs.ac.mz\/site\/?page_id=479"},"modified":"2025-06-12T08:53:46","modified_gmt":"2025-06-12T08:53:46","slug":"decretos","status":"publish","type":"page","link":"https:\/\/www.cnbs.ac.mz\/site\/index.php\/decretos\/","title":{"rendered":"Decretos"},"content":{"rendered":"\t\t<div data-elementor-type=\"wp-page\" data-elementor-id=\"479\" class=\"elementor elementor-479\" data-elementor-settings=\"[]\">\n\t\t\t\t\t\t\t<div class=\"elementor-section-wrap\">\n\t\t\t\t\t\t\t<section class=\"elementor-section elementor-top-section elementor-element elementor-element-52b3359 elementor-section-boxed elementor-section-height-default elementor-section-height-default\" data-id=\"52b3359\" data-element_type=\"section\" data-settings=\"{&quot;ekit_has_onepagescroll_dot&quot;:&quot;yes&quot;}\">\n\t\t\t\t\t\t<div class=\"elementor-container elementor-column-gap-default\">\n\t\t\t\t\t<div class=\"elementor-column elementor-col-100 elementor-top-column elementor-element elementor-element-07d2bbe\" data-id=\"07d2bbe\" data-element_type=\"column\">\n\t\t\t<div class=\"elementor-widget-wrap elementor-element-populated\">\n\t\t\t\t\t\t\t\t<div class=\"elementor-element elementor-element-82a659a elementor-list-item-link-full_width elementor-widget elementor-widget-icon-list\" data-id=\"82a659a\" data-element_type=\"widget\" data-widget_type=\"icon-list.default\">\n\t\t\t\t<div class=\"elementor-widget-container\">\n\t\t\t\t\t<ul class=\"elementor-icon-list-items\">\n\t\t\t\t\t\t\t<li class=\"elementor-icon-list-item\">\n\t\t\t\t\t<a href=\"https:\/\/www.cnbs.ac.mz\/site\/wp-content\/uploads\/2025\/06\/BR_139_I_SERIE_2024.-REGULAMENTO-DA-LEI-DE-INVESTIGACAO-EM-SAUDE-HUMANA.pdf\">\t\t\t\t\t\t<span class=\"elementor-icon-list-icon\">\n\t\t\t\t\t\t\t<i aria-hidden=\"true\" class=\"icon icon-file-2\"><\/i>\t\t\t\t\t\t<\/span>\n\t\t\t\t\t\t\t\t\t\t<span class=\"elementor-icon-list-text\">BR_139_I_S\u00c9RIE_2024. REGULAMENTO DA LEI DE INVESTIGA\u00c7\u00c3O EM SA\u00daDE HUMANA<\/span>\n\t\t\t\t\t\t\t\t\t\t\t<\/a>\n\t\t\t\t\t\t\t\t\t<\/li>\n\t\t\t\t\t\t<\/ul>\n\t\t\t\t<\/div>\n\t\t\t\t<\/div>\n\t\t\t\t\t<\/div>\n\t\t<\/div>\n\t\t\t\t\t\t\t<\/div>\n\t\t<\/section>\n\t\t\t\t\t\t<\/div>\n\t\t\t\t\t<\/div>\n\t\t","protected":false},"excerpt":{"rendered":"<p>BR_139_I_S\u00c9RIE_2024. REGULAMENTO DA LEI DE INVESTIGA\u00c7\u00c3O EM SA\u00daDE HUMANA<\/p>\n","protected":false},"author":1,"featured_media":0,"parent":0,"menu_order":0,"comment_status":"closed","ping_status":"closed","template":"","meta":{"footnotes":""},"class_list":["post-479","page","type-page","status-publish","hentry"],"_links":{"self":[{"href":"https:\/\/www.cnbs.ac.mz\/site\/index.php\/wp-json\/wp\/v2\/pages\/479","targetHints":{"allow":["GET"]}}],"collection":[{"href":"https:\/\/www.cnbs.ac.mz\/site\/index.php\/wp-json\/wp\/v2\/pages"}],"about":[{"href":"https:\/\/www.cnbs.ac.mz\/site\/index.php\/wp-json\/wp\/v2\/types\/page"}],"author":[{"embeddable":true,"href":"https:\/\/www.cnbs.ac.mz\/site\/index.php\/wp-json\/wp\/v2\/users\/1"}],"replies":[{"embeddable":true,"href":"https:\/\/www.cnbs.ac.mz\/site\/index.php\/wp-json\/wp\/v2\/comments?post=479"}],"version-history":[{"count":10,"href":"https:\/\/www.cnbs.ac.mz\/site\/index.php\/wp-json\/wp\/v2\/pages\/479\/revisions"}],"predecessor-version":[{"id":877,"href":"https:\/\/www.cnbs.ac.mz\/site\/index.php\/wp-json\/wp\/v2\/pages\/479\/revisions\/877"}],"wp:attachment":[{"href":"https:\/\/www.cnbs.ac.mz\/site\/index.php\/wp-json\/wp\/v2\/media?parent=479"}],"curies":[{"name":"wp","href":"https:\/\/api.w.org\/{rel}","templated":true}]}}